{"id":314,"date":"2020-02-28T16:29:27","date_gmt":"2020-02-28T16:29:27","guid":{"rendered":"https:\/\/wtg-resonanz-preview.de\/?page_id=314"},"modified":"2022-08-08T11:12:31","modified_gmt":"2022-08-08T11:12:31","slug":"kontakt","status":"publish","type":"page","link":"https:\/\/elektro-munz.de\/?page_id=314","title":{"rendered":"kontakt"},"content":{"rendered":"\n<div class=\"slider-wrapper relative\" id=\"slider-236785803\" style=\"background-color:rgb(227, 5, 28);\">\n    <div class=\"slider slider-nav-simple slider-nav-large slider-nav-light slider-nav-outside slider-style-normal slider-show-nav\"\n        data-flickity-options='{\n            \"cellAlign\": \"center\",\n            \"imagesLoaded\": true,\n            \"lazyLoad\": 1,\n            \"freeScroll\": false,\n            \"wrapAround\": true,\n            \"autoPlay\": 3000,\n            \"pauseAutoPlayOnHover\" : false,\n            \"prevNextButtons\": true,\n            \"contain\" : true,\n            \"adaptiveHeight\" : true,\n            \"dragThreshold\" : 10,\n            \"percentPosition\": true,\n            \"pageDots\": false,\n            \"rightToLeft\": false,\n            \"draggable\": true,\n            \"selectedAttraction\": 0.1,\n            \"parallax\" : 0,\n            \"friction\": 0.6        }'\n        >\n        \n\n\t<section class=\"section dark has-parallax\" id=\"section_43635149\">\n\t\t<div class=\"bg section-bg fill bg-fill  \" data-parallax-container=\".section\" data-parallax-background data-parallax=\"-5\">\n\n\t\t\t\n\t\t\t<div class=\"section-bg-overlay absolute fill\"><\/div>\n\t\t\t\n\t<div class=\"is-border\"\n\t\tstyle=\"border-color:rgb(111, 166, 212);border-width:0px 0px 20px 0px;\">\n\t<\/div>\n\n\t\t<\/div>\n\n\t\t<div class=\"section-content relative\">\n\t\t\t\n\n<div class=\"row\"  id=\"row-1449250981\">\n\n\n\t<div id=\"col-190047308\" class=\"col medium-9 small-12 large-7\"  >\n\t\t<div class=\"col-inner\"  >\n\t\t\t\n\t\t\t\n\n<p><span style=\"font-size: 180%;\">WAS K\u00d6NNEN WIR F\u00dcR SIE TUN? <br \/> <strong>NEHMEN SIE KONTAKT MIT UNS AUF.<\/strong><\/span><\/p>\n\n\t\t<\/div>\n\t\t\t<\/div>\n\n\t\n\n<\/div>\n\n\t\t<\/div>\n\n\t\t\n<style>\n#section_43635149 {\n  padding-top: 30px;\n  padding-bottom: 30px;\n  min-height: 500px;\n  background-color: #e3051c;\n}\n#section_43635149 .section-bg-overlay {\n  background-color: rgba(0, 0, 0, 0.42);\n}\n#section_43635149 .section-bg.bg-loaded {\n  background-image: url(https:\/\/elektro-munz.de\/wp-content\/uploads\/2020\/02\/shutterstock_1082270918-scaled-1.jpg);\n}\n#section_43635149 .section-bg {\n  background-position: 56% 100%;\n}\n<\/style>\n\t<\/section>\n\t\n\n     <\/div>\n\n     <div class=\"loading-spin dark large centered\"><\/div>\n\n     <\/div>\n\n\n\t<section class=\"section\" id=\"section_1432071796\">\n\t\t<div class=\"bg section-bg fill bg-fill  bg-loaded\" >\n\n\t\t\t\n\t\t\t\n\t\t\t\n\n\t\t<\/div>\n\n\t\t<div class=\"section-content relative\">\n\t\t\t\n\n\t<div id=\"gap-1794496143\" class=\"gap-element clearfix\" style=\"display:block; height:auto;\">\n\t\t\n<style>\n#gap-1794496143 {\n  padding-top: 30px;\n}\n<\/style>\n\t<\/div>\n\t\n\n<div class=\"row row-large row-full-width align-middle align-center\"  id=\"row-108742075\">\n\n\n\t<div id=\"col-2012066237\" class=\"col small-12 large-12\"  >\n\t\t<div class=\"col-inner text-left\"  >\n\t\t\t\n\t\t\t\n\n<div class=\"row row-collapse align-middle align-center\" style=\"max-width:90vh\" id=\"row-1361010710\">\n\n\n\t<div id=\"col-1290437333\" class=\"col medium-12 small-12 large-12\"  >\n\t\t<div class=\"col-inner text-left dark\" style=\"background-color:rgb(161, 21, 16);\" >\n\t\t\t\n\t\t\t\n\n<div class=\"row\"  id=\"row-1992056520\">\n\n\n\t<div id=\"col-1712253433\" class=\"col medium-1 small-4 large-1\"  >\n\t\t<div class=\"col-inner text-center\"  >\n\t\t\t\n\t\t\t\n\n\t<div class=\"img has-hover x md-x lg-x y md-y lg-y\" id=\"image_1720341113\">\n\t\t\t\t\t\t\t\t<div class=\"img-inner dark\" >\n\t\t\t<img width=\"1020\" height=\"1020\" src=\"https:\/\/elektro-munz.de\/wp-content\/uploads\/2020\/02\/icon1-1024x1024.png\" class=\"attachment-large size-large\" alt=\"\" loading=\"lazy\" srcset=\"https:\/\/elektro-munz.de\/wp-content\/uploads\/2020\/02\/icon1-1024x1024.png 1024w, https:\/\/elektro-munz.de\/wp-content\/uploads\/2020\/02\/icon1-300x300.png 300w, https:\/\/elektro-munz.de\/wp-content\/uploads\/2020\/02\/icon1-150x150.png 150w, https:\/\/elektro-munz.de\/wp-content\/uploads\/2020\/02\/icon1-768x768.png 768w, https:\/\/elektro-munz.de\/wp-content\/uploads\/2020\/02\/icon1.png 1500w\" sizes=\"(max-width: 1020px) 100vw, 1020px\" \/>\t\t\t\t\t\t\n\t\t\t\t\t<\/div>\n\t\t\t\t\t\t\t\t\n<style>\n#image_1720341113 {\n  width: 100%;\n}\n@media (min-width:550px) {\n  #image_1720341113 {\n    width: 100%;\n  }\n}\n<\/style>\n\t<\/div>\n\t\n\n\n\t\t<\/div>\n\t\t\t<\/div>\n\n\t\n\n\t<div id=\"col-1020034354\" class=\"col medium-1 small-4 large-1\"  >\n\t\t<div class=\"col-inner text-center\"  >\n\t\t\t\n\t\t\t\n\n\t<div class=\"img has-hover x md-x lg-x y md-y lg-y\" id=\"image_623724831\">\n\t\t\t\t\t\t\t\t<div class=\"img-inner dark\" >\n\t\t\t<img width=\"1020\" height=\"1020\" src=\"https:\/\/elektro-munz.de\/wp-content\/uploads\/2020\/02\/icon3-1024x1024.png\" class=\"attachment-large size-large\" alt=\"\" loading=\"lazy\" srcset=\"https:\/\/elektro-munz.de\/wp-content\/uploads\/2020\/02\/icon3-1024x1024.png 1024w, https:\/\/elektro-munz.de\/wp-content\/uploads\/2020\/02\/icon3-300x300.png 300w, https:\/\/elektro-munz.de\/wp-content\/uploads\/2020\/02\/icon3-150x150.png 150w, https:\/\/elektro-munz.de\/wp-content\/uploads\/2020\/02\/icon3-768x768.png 768w, https:\/\/elektro-munz.de\/wp-content\/uploads\/2020\/02\/icon3.png 1500w\" sizes=\"(max-width: 1020px) 100vw, 1020px\" \/>\t\t\t\t\t\t\n\t\t\t\t\t<\/div>\n\t\t\t\t\t\t\t\t\n<style>\n#image_623724831 {\n  width: 100%;\n}\n@media (min-width:550px) {\n  #image_623724831 {\n    width: 100%;\n  }\n}\n<\/style>\n\t<\/div>\n\t\n\n\n\t\t<\/div>\n\t\t\t<\/div>\n\n\t\n\n\t<div id=\"col-264629745\" class=\"col medium-1 small-4 large-1\"  >\n\t\t<div class=\"col-inner text-center\"  >\n\t\t\t\n\t\t\t\n\n\t<div class=\"img has-hover x md-x lg-x y md-y lg-y\" id=\"image_1312862648\">\n\t\t\t\t\t\t\t\t<div class=\"img-inner dark\" >\n\t\t\t<img width=\"1020\" height=\"1020\" src=\"https:\/\/elektro-munz.de\/wp-content\/uploads\/2020\/02\/icon4-1024x1024.png\" class=\"attachment-large size-large\" alt=\"\" loading=\"lazy\" srcset=\"https:\/\/elektro-munz.de\/wp-content\/uploads\/2020\/02\/icon4-1024x1024.png 1024w, https:\/\/elektro-munz.de\/wp-content\/uploads\/2020\/02\/icon4-300x300.png 300w, https:\/\/elektro-munz.de\/wp-content\/uploads\/2020\/02\/icon4-150x150.png 150w, https:\/\/elektro-munz.de\/wp-content\/uploads\/2020\/02\/icon4-768x768.png 768w, https:\/\/elektro-munz.de\/wp-content\/uploads\/2020\/02\/icon4.png 1500w\" sizes=\"(max-width: 1020px) 100vw, 1020px\" \/>\t\t\t\t\t\t\n\t\t\t\t\t<\/div>\n\t\t\t\t\t\t\t\t\n<style>\n#image_1312862648 {\n  width: 100%;\n}\n@media (min-width:550px) {\n  #image_1312862648 {\n    width: 100%;\n  }\n}\n<\/style>\n\t<\/div>\n\t\n\n\n\t\t<\/div>\n\t\t\t<\/div>\n\n\t\n\n<\/div>\n<div class=\"row\"  id=\"row-1139219935\">\n\n\n\t<div id=\"col-1808599193\" class=\"col medium-6 small-12 large-6\"  >\n\t\t<div class=\"col-inner\"  >\n\t\t\t\n\t\t\t\n\n<p style=\"font-size: 110%;\"><strong>Elektro Munz GmbH<\/strong><\/p>\n<p style=\"font-size: 110%;\">Gesch\u00e4ftsf\u00fchrer Tobias Munz<br \/>Schlossstra\u00dfe 46<br \/>74575 Schrozberg-Bartenstein<\/p>\n\n\t\t<\/div>\n\t\t\t<\/div>\n\n\t\n\n\t<div id=\"col-579049688\" class=\"col medium-6 small-12 large-6\"  >\n\t\t<div class=\"col-inner\"  >\n\t\t\t\n\t\t\t\n\n<p><strong>Schrozberg-Bartenstein:<\/strong><br \/>Tel. 07936 202<br \/>Fax 07936 756<\/p>\n<p><strong>Mulfingen:<br \/><\/strong>Tel. 07938 990 090<\/p>\n<p>kontakt@elektro-munz.de<\/p>\n\n\t\t<\/div>\n\t\t\t<\/div>\n\n\t\n\n<\/div>\n\n\t\t<\/div>\n\t\t\t<\/div>\n\n\t\n\n\n<style>\n#row-1361010710 > .col > .col-inner {\n  padding: 20px 30px 40px 30px;\n  background-color: rgb(255,255,255);\n}\n<\/style>\n<\/div>\n\n\t\t<\/div>\n\t\t\n<style>\n#col-2012066237 > .col-inner {\n  margin: -100px 0px 0px 0px;\n}\n<\/style>\n\t<\/div>\n\n\t\n\n<\/div>\n\n\t\t<\/div>\n\n\t\t\n<style>\n#section_1432071796 {\n  padding-top: 30px;\n  padding-bottom: 30px;\n}\n<\/style>\n\t<\/section>\n\t\n\t<section class=\"section\" id=\"section_888393534\">\n\t\t<div class=\"bg section-bg fill bg-fill  bg-loaded\" >\n\n\t\t\t\n\t\t\t\n\t\t\t\n\n\t\t<\/div>\n\n\t\t<div class=\"section-content relative\">\n\t\t\t\n\n\n  <div class=\"banner has-hover\" id=\"banner-1295290107\">\n          <div class=\"banner-inner fill\">\n        <div class=\"banner-bg fill\" >\n            <div class=\"bg fill bg-fill \"><\/div>\n                                    \n                    <\/div>\n        <div class=\"banner-layers container\">\n            <div class=\"fill banner-link\"><\/div>            \n\n   <div id=\"text-box-123165062\" class=\"text-box banner-layer x50 md-x50 lg-x50 y50 md-y50 lg-y50 res-text\">\n                                <div class=\"text dark\">\n              \n              <div class=\"text-inner text-left\">\n                  \n\n\t<div id=\"gap-910433317\" class=\"gap-element clearfix hide-for-small\" style=\"display:block; height:auto;\">\n\t\t\n<style>\n#gap-910433317 {\n  padding-top: 40px;\n}\n<\/style>\n\t<\/div>\n\t\n\n<div class=\"row row-small row-full-width align-equal align-center\"  id=\"row-1104483759\">\n\n\n\t<div id=\"col-1621915272\" class=\"col medium-3 small-11 large-3\"  >\n\t\t<div class=\"col-inner text-left\"  >\n\t\t\t\n\t\t\t\n\n\t<div class=\"img has-hover x md-x lg-x y md-y lg-y\" id=\"image_1289380904\">\n\t\t\t\t\t\t<div data-animate=\"flipInY\">\t\t<div class=\"img-inner dark\" >\n\t\t\t<img width=\"1020\" height=\"1020\" src=\"https:\/\/elektro-munz.de\/wp-content\/uploads\/2020\/02\/icon8-1024x1024.png\" class=\"attachment-large size-large\" alt=\"\" loading=\"lazy\" srcset=\"https:\/\/elektro-munz.de\/wp-content\/uploads\/2020\/02\/icon8-1024x1024.png 1024w, https:\/\/elektro-munz.de\/wp-content\/uploads\/2020\/02\/icon8-300x300.png 300w, https:\/\/elektro-munz.de\/wp-content\/uploads\/2020\/02\/icon8-150x150.png 150w, https:\/\/elektro-munz.de\/wp-content\/uploads\/2020\/02\/icon8-768x768.png 768w, https:\/\/elektro-munz.de\/wp-content\/uploads\/2020\/02\/icon8-1536x1536.png 1536w, https:\/\/elektro-munz.de\/wp-content\/uploads\/2020\/02\/icon8-2048x2048.png 2048w\" sizes=\"(max-width: 1020px) 100vw, 1020px\" \/>\t\t\t\t\t\t\n\t\t\t\t\t<\/div>\n\t\t<\/div>\t\t\t\t\t\t\n<style>\n#image_1289380904 {\n  width: 25%;\n}\n@media (min-width:550px) {\n  #image_1289380904 {\n    width: 40%;\n  }\n}\n<\/style>\n\t<\/div>\n\t\n\n\n\t\t<\/div>\n\t\t\t<\/div>\n\n\t\n\n\t<div id=\"col-1617225711\" class=\"col medium-8 small-11 large-8\"  >\n\t\t<div class=\"col-inner\"  >\n\t\t\t\n\t\t\t\n\n<p><span style=\"font-size: 110%;\">KOMPETENZ UND ERFAHRUNG \u2013<\/span><span style=\"font-size: 110%;\"><strong><br \/>\nSEIT GENERATIONEN.<\/span><\/p>\n<p><\/strong><\/p>\n<p><span style=\"font-size: 100%;\">Seit 1963 bieten wir Ihnen kompetenten Service rund um die Elektroinstallation. Vertrauen Sie auf unsere langj\u00e4hrige Kompetenz und Leistung: was k\u00f6nnen wir f\u00fcr Sie tun?<\/span><\/p>\n<div class=\"row row-small align-middle\" style=\"max-width:90vh\" id=\"row-1344479623\">\n\n\n\t<div id=\"col-288752625\" class=\"col medium-4 small-5 large-4\"  >\n\t\t<div class=\"col-inner\"  >\n\t\t\t\n\t\t\t\n\n<div class=\"social-icons follow-icons\" style=\"font-size:126%\"><a href=\"https:\/\/www.facebook.com\/elektromunz\/\" target=\"_blank\" data-label=\"Facebook\"  rel=\"noopener noreferrer nofollow\" class=\"icon plain facebook tooltip\" title=\"Folge uns auf Facebook\"><i class=\"icon-facebook\" ><\/i><\/a><a href=\"https:\/\/www.instagram.com\/elektro__munz\/\" target=\"_blank\" rel=\"noopener noreferrer nofollow\" data-label=\"Instagram\" class=\"icon plain  instagram tooltip\" title=\"Folge uns auf Instagram\"><i class=\"icon-instagram\" ><\/i><\/a><a href=\"mailto:kontakt@elektro-munz.de\" data-label=\"E-mail\"  rel=\"nofollow\" class=\"icon plain  email tooltip\" title=\"Sende uns eine email\"><i class=\"icon-envelop\" ><\/i><\/a><a href=\"tel:07936 202\" target=\"_blank\"  data-label=\"Phone\"  rel=\"noopener noreferrer nofollow\" class=\"icon plain  phone tooltip\" title=\"Call us\"><i class=\"icon-phone\" ><\/i><\/a><\/div>\n\n\n\t\t<\/div>\n\t\t\t<\/div>\n\n\t\n\n\t<div id=\"col-465985865\" class=\"col medium-4 small-3 large-4\"  >\n\t\t<div class=\"col-inner\"  >\n\t\t\t\n\t\t\t\n\n\n\t\t<\/div>\n\t\t\t<\/div>\n\n\t\n\n\t<div id=\"col-1445465655\" class=\"col medium-4 small-4 large-4\"  >\n\t\t<div class=\"col-inner\"  >\n\t\t\t\n\t\t\t\n\n\t<div class=\"img has-hover x md-x lg-x y md-y lg-y\" id=\"image_1371319283\">\n\t\t<a class=\"\" href=\"https:\/\/www.provenexpert.com\/de-de\/elektro-munz\/\"  >\t\t\t\t\t\t<div class=\"img-inner image-cover dark\" style=\"padding-top:5.5vh;\">\n\t\t\t<img width=\"1000\" height=\"1000\" src=\"https:\/\/elektro-munz.de\/wp-content\/uploads\/2020\/03\/footer2N.png\" class=\"attachment-large size-large\" alt=\"\" loading=\"lazy\" srcset=\"https:\/\/elektro-munz.de\/wp-content\/uploads\/2020\/03\/footer2N.png 1000w, https:\/\/elektro-munz.de\/wp-content\/uploads\/2020\/03\/footer2N-300x300.png 300w, https:\/\/elektro-munz.de\/wp-content\/uploads\/2020\/03\/footer2N-150x150.png 150w, https:\/\/elektro-munz.de\/wp-content\/uploads\/2020\/03\/footer2N-768x768.png 768w\" sizes=\"(max-width: 1000px) 100vw, 1000px\" \/>\t\t\t\t\t\t\n\t\t\t\t\t<\/div>\n\t\t\t\t\t\t<\/a>\t\t\n<style>\n#image_1371319283 {\n  width: 100%;\n}\n@media (min-width:550px) {\n  #image_1371319283 {\n    width: 90%;\n  }\n}\n<\/style>\n\t<\/div>\n\t\n\n\n\t\t<\/div>\n\t\t\t<\/div>\n\n\t\n\n<\/div>\n\n\t\t<\/div>\n\t\t\t<\/div>\n\n\t\n\n<\/div>\n\n              <\/div>\n           <\/div>\n                            \n<style>\n#text-box-123165062 {\n  width: 98%;\n}\n#text-box-123165062 .text {\n  font-size: 100%;\n}\n<\/style>\n    <\/div>\n \n\n        <\/div>\n      <\/div>\n\n            \n<style>\n#banner-1295290107 {\n  padding-top: 46vh;\n  background-color: rgb(161, 21, 16);\n}\n@media (min-width:550px) {\n  #banner-1295290107 {\n    padding-top: 30vh;\n  }\n}\n@media (min-width:850px) {\n  #banner-1295290107 {\n    padding-top: 30vh;\n  }\n}\n<\/style>\n  <\/div>\n\n\n\n\t\t<\/div>\n\n\t\t\n<style>\n#section_888393534 {\n  padding-top: 0px;\n  padding-bottom: 0px;\n  min-height: 30vh;\n  background-color: rgb(161, 21, 16);\n}\n@media (min-width:550px) {\n  #section_888393534 {\n    padding-top: 0px;\n    padding-bottom: 0px;\n    min-height: 30vh;\n  }\n}\n@media (min-width:850px) {\n  #section_888393534 {\n    min-height: 30vh;\n  }\n}\n<\/style>\n\t<\/section>\n\t\n\n","protected":false},"excerpt":{"rendered":"","protected":false},"author":1,"featured_media":0,"parent":0,"menu_order":0,"comment_status":"closed","ping_status":"closed","template":"","meta":[],"_links":{"self":[{"href":"https:\/\/elektro-munz.de\/index.php?rest_route=\/wp\/v2\/pages\/314"}],"collection":[{"href":"https:\/\/elektro-munz.de\/index.php?rest_route=\/wp\/v2\/pages"}],"about":[{"href":"https:\/\/elektro-munz.de\/index.php?rest_route=\/wp\/v2\/types\/page"}],"author":[{"embeddable":true,"href":"https:\/\/elektro-munz.de\/index.php?rest_route=\/wp\/v2\/users\/1"}],"replies":[{"embeddable":true,"href":"https:\/\/elektro-munz.de\/index.php?rest_route=%2Fwp%2Fv2%2Fcomments&post=314"}],"version-history":[{"count":5,"href":"https:\/\/elektro-munz.de\/index.php?rest_route=\/wp\/v2\/pages\/314\/revisions"}],"predecessor-version":[{"id":487,"href":"https:\/\/elektro-munz.de\/index.php?rest_route=\/wp\/v2\/pages\/314\/revisions\/487"}],"wp:attachment":[{"href":"https:\/\/elektro-munz.de\/index.php?rest_route=%2Fwp%2Fv2%2Fmedia&parent=314"}],"curies":[{"name":"wp","href":"https:\/\/api.w.org\/{rel}","templated":true}]}}