{"id":38,"date":"2020-02-11T22:13:34","date_gmt":"2020-02-11T22:13:34","guid":{"rendered":"https:\/\/wtg-resonanz-preview.de\/?page_id=38"},"modified":"2022-08-08T11:12:15","modified_gmt":"2022-08-08T11:12:15","slug":"jobs","status":"publish","type":"page","link":"http:\/\/elektro-munz.de\/?page_id=38","title":{"rendered":"jobs"},"content":{"rendered":"\n<div class=\"slider-wrapper relative\" id=\"slider-2049566771\" style=\"background-color:rgb(227, 5, 28);\">\n    <div class=\"slider slider-nav-simple slider-nav-large slider-nav-light slider-nav-outside slider-style-normal slider-show-nav\"\n        data-flickity-options='{\n            \"cellAlign\": \"center\",\n            \"imagesLoaded\": true,\n            \"lazyLoad\": 1,\n            \"freeScroll\": false,\n            \"wrapAround\": true,\n            \"autoPlay\": 3000,\n            \"pauseAutoPlayOnHover\" : false,\n            \"prevNextButtons\": true,\n            \"contain\" : true,\n            \"adaptiveHeight\" : true,\n            \"dragThreshold\" : 10,\n            \"percentPosition\": true,\n            \"pageDots\": false,\n            \"rightToLeft\": false,\n            \"draggable\": true,\n            \"selectedAttraction\": 0.1,\n            \"parallax\" : 0,\n            \"friction\": 0.6        }'\n        >\n        \n\n\t<section class=\"section dark has-parallax\" id=\"section_631257961\">\n\t\t<div class=\"bg section-bg fill bg-fill  \" data-parallax-container=\".section\" data-parallax-background data-parallax=\"-5\">\n\n\t\t\t\t<div class=\"video-overlay no-click fill hide-for-medium\"><\/div>\n\t<video class=\"video-bg fill hide-for-medium\" preload playsinline autoplay\n\t\t\t\tloop>\n\t\t<source src=\"http:\/\/elektro-munz.de\/wp-content\/uploads\/2021\/02\/Elektro-Munz-sucht-Elektriker-Rev5_kleiner.mov\" type=\"video\/mp4\">\t<\/video>\n\n\t\t\t\n\t\t\t\n\t<div class=\"is-border\"\n\t\tstyle=\"border-color:rgb(111, 166, 212);border-width:0px 0px 20px 0px;\">\n\t<\/div>\n\n\t\t<\/div>\n\n\t\t<div class=\"section-content relative\">\n\t\t\t\n\n<div class=\"row\"  id=\"row-1886521996\">\n\n\n\t<div id=\"col-1151214873\" class=\"col show-for-medium medium-7 small-12 large-8\"  >\n\t\t<div class=\"col-inner\"  >\n\t\t\t\n\t\t\t\n\n<p><span style=\"font-size: 200%;\">LUST AUF EINE NEUE HERAUSFORDERUNG?<br \/> <strong>WIR FREUEN UNS AUF DICH!<\/strong><\/span><\/p>\n\n\t\t<\/div>\n\t\t\t<\/div>\n\n\t\n\n<\/div>\n\n\t\t<\/div>\n\n\t\t\n<style>\n#section_631257961 {\n  padding-top: 30px;\n  padding-bottom: 30px;\n  min-height: 500px;\n  background-color: #e3051c;\n}\n#section_631257961 .section-bg.bg-loaded {\n  background-image: url(http:\/\/elektro-munz.de\/wp-content\/uploads\/2020\/02\/shutterstock_417440857-scaled-1.jpg);\n}\n#section_631257961 .section-bg {\n  background-position: 50% 28%;\n}\n<\/style>\n\t<\/section>\n\t\n\n     <\/div>\n\n     <div class=\"loading-spin dark large centered\"><\/div>\n\n     <\/div>\n\n\n\t<section class=\"section\" id=\"section_532926454\">\n\t\t<div class=\"bg section-bg fill bg-fill  bg-loaded\" >\n\n\t\t\t\n\t\t\t\n\t\t\t\n\n\t\t<\/div>\n\n\t\t<div class=\"section-content relative\">\n\t\t\t\n\n<div class=\"row align-middle align-center\"  id=\"row-1697858313\">\n\n\n\t<div id=\"col-732694956\" class=\"col small-12 large-12\"  >\n\t\t<div class=\"col-inner\"  >\n\t\t\t\n\t\t\t\n\n<div class=\"row row-large align-middle align-center\" style=\"max-width:97vw\" id=\"row-362514827\">\n\n\n\t<div id=\"col-520104884\" class=\"col medium-6 small-12 large-12\"  >\n\t\t<div class=\"col-inner text-left dark\" style=\"background-color:rgb(161, 21, 16);\" >\n\t\t\t\n\t\t\t\n\n<div class=\"row row-full-width\"  id=\"row-1508687380\">\n\n\n\t<div id=\"col-417608853\" class=\"col medium-6 small-12 large-2\"  >\n\t\t<div class=\"col-inner text-left\"  >\n\t\t\t\n\t\t\t\n\n\t<div class=\"img has-hover x md-x lg-x y md-y lg-y\" id=\"image_2092082844\">\n\t\t\t\t\t\t\t\t<div class=\"img-inner dark\" >\n\t\t\t<img width=\"1020\" height=\"1020\" src=\"http:\/\/elektro-munz.de\/wp-content\/uploads\/2020\/02\/icon2-1024x1024.png\" class=\"attachment-large size-large\" alt=\"\" loading=\"lazy\" srcset=\"http:\/\/elektro-munz.de\/wp-content\/uploads\/2020\/02\/icon2-1024x1024.png 1024w, http:\/\/elektro-munz.de\/wp-content\/uploads\/2020\/02\/icon2-300x300.png 300w, http:\/\/elektro-munz.de\/wp-content\/uploads\/2020\/02\/icon2-150x150.png 150w, http:\/\/elektro-munz.de\/wp-content\/uploads\/2020\/02\/icon2-768x768.png 768w, http:\/\/elektro-munz.de\/wp-content\/uploads\/2020\/02\/icon2.png 1500w\" sizes=\"(max-width: 1020px) 100vw, 1020px\" \/>\t\t\t\t\t\t\n\t\t\t\t\t<\/div>\n\t\t\t\t\t\t\t\t\n<style>\n#image_2092082844 {\n  width: 30%;\n}\n@media (min-width:550px) {\n  #image_2092082844 {\n    width: 60%;\n  }\n}\n<\/style>\n\t<\/div>\n\t\n\n\n\t\t<\/div>\n\t\t\t<\/div>\n\n\t\n\n<\/div>\n<div class=\"row\"  id=\"row-373418901\">\n\n\n\t<div id=\"col-845804008\" class=\"col medium-9 small-12 large-9\"  >\n\t\t<div class=\"col-inner\"  >\n\t\t\t\n\t\t\t\n\n<p span=\"\" style=\"font-size: 110%;\"><strong>WIR SUCHEN AB SOFORT<\/strong><\/p>\n<p span=\"\" style=\"font-size: 110%;\">\nElektriker (m\/w)<\/p>\n<p>Elektroniker f\u00fcr Energie- und Geb\u00e4udetechnik (m\/w)<\/p>\n<p>Auszubildende (m\/w)<\/p>\n<p>Hast du Lust auf:<\/p>\n<ul>\n<li>einen jungen Chef?<\/li>\n<li>jemand der Dir etwas beibringt?<\/li>\n<li>ein spa\u00dfiges und herzliches Umfeld?<\/li>\n<li>ein Team, das zusammenh\u00e4lt<\/li>\n<li>Wertsch\u00e4tzung<\/li>\n<li>strukturiertes Arbeiten<\/li>\n<li>geile Ausstattung auch f\u00fcr Azubis<\/li>\n<li>faire Verg\u00fctung<\/li>\n<p>&#8230; dann bewirb dich jetzt! Wir freuen uns auf Dich.<\/p>\n\n\t\t<\/div>\n\t\t\t<\/div>\n\n\t\n\n<\/div>\n\n\t\t<\/div>\n\t\t\t<\/div>\n\n\t\n\n\n<style>\n#row-362514827 > .col > .col-inner {\n  padding: 30px 30px 30px 30px;\n  background-color: rgb(255,255,255);\n}\n<\/style>\n<\/div>\n\n\t\t<\/div>\n\t\t\n<style>\n#col-732694956 > .col-inner {\n  margin: -100px 0px 0px 0px;\n}\n<\/style>\n\t<\/div>\n\n\t\n\n<\/div>\n\n\t\t<\/div>\n\n\t\t\n<style>\n#section_532926454 {\n  padding-top: 30px;\n  padding-bottom: 30px;\n}\n<\/style>\n\t<\/section>\n\t\n\t<section class=\"section\" id=\"section_2000359799\">\n\t\t<div class=\"bg section-bg fill bg-fill  bg-loaded\" >\n\n\t\t\t\n\t\t\t\n\t\t\t\n\n\t\t<\/div>\n\n\t\t<div class=\"section-content relative\">\n\t\t\t\n\n\n  <div class=\"banner has-hover\" id=\"banner-1775213275\">\n          <div class=\"banner-inner fill\">\n        <div class=\"banner-bg fill\" >\n            <div class=\"bg fill bg-fill \"><\/div>\n                                    \n                    <\/div>\n        <div class=\"banner-layers container\">\n            <div class=\"fill banner-link\"><\/div>            \n\n   <div id=\"text-box-896047738\" class=\"text-box banner-layer x50 md-x50 lg-x50 y50 md-y50 lg-y50 res-text\">\n                                <div class=\"text dark\">\n              \n              <div class=\"text-inner text-left\">\n                  \n\n\t<div id=\"gap-1552693512\" class=\"gap-element clearfix hide-for-small\" style=\"display:block; height:auto;\">\n\t\t\n<style>\n#gap-1552693512 {\n  padding-top: 40px;\n}\n<\/style>\n\t<\/div>\n\t\n\n<div class=\"row row-small row-full-width align-equal align-center\"  id=\"row-1565989475\">\n\n\n\t<div id=\"col-844405418\" class=\"col medium-3 small-11 large-3\"  >\n\t\t<div class=\"col-inner text-left\"  >\n\t\t\t\n\t\t\t\n\n\t<div class=\"img has-hover x md-x lg-x y md-y lg-y\" id=\"image_584786215\">\n\t\t\t\t\t\t<div data-animate=\"flipInY\">\t\t<div class=\"img-inner dark\" >\n\t\t\t<img width=\"1020\" height=\"1020\" src=\"http:\/\/elektro-munz.de\/wp-content\/uploads\/2020\/02\/icon8-1024x1024.png\" class=\"attachment-large size-large\" alt=\"\" loading=\"lazy\" srcset=\"http:\/\/elektro-munz.de\/wp-content\/uploads\/2020\/02\/icon8-1024x1024.png 1024w, http:\/\/elektro-munz.de\/wp-content\/uploads\/2020\/02\/icon8-300x300.png 300w, http:\/\/elektro-munz.de\/wp-content\/uploads\/2020\/02\/icon8-150x150.png 150w, http:\/\/elektro-munz.de\/wp-content\/uploads\/2020\/02\/icon8-768x768.png 768w, http:\/\/elektro-munz.de\/wp-content\/uploads\/2020\/02\/icon8-1536x1536.png 1536w, http:\/\/elektro-munz.de\/wp-content\/uploads\/2020\/02\/icon8-2048x2048.png 2048w\" sizes=\"(max-width: 1020px) 100vw, 1020px\" \/>\t\t\t\t\t\t\n\t\t\t\t\t<\/div>\n\t\t<\/div>\t\t\t\t\t\t\n<style>\n#image_584786215 {\n  width: 25%;\n}\n@media (min-width:550px) {\n  #image_584786215 {\n    width: 40%;\n  }\n}\n<\/style>\n\t<\/div>\n\t\n\n\n\t\t<\/div>\n\t\t\t<\/div>\n\n\t\n\n\t<div id=\"col-1942020878\" class=\"col medium-8 small-11 large-8\"  >\n\t\t<div class=\"col-inner\"  >\n\t\t\t\n\t\t\t\n\n<p><span style=\"font-size: 110%;\">KOMPETENZ UND ERFAHRUNG \u2013<\/span><span style=\"font-size: 110%;\"><strong><br \/>\nSEIT GENERATIONEN.<\/span><\/p>\n<p><\/strong><\/p>\n<p><span style=\"font-size: 100%;\">Seit 1963 bieten wir Ihnen kompetenten Service rund um die Elektroinstallation. Vertrauen Sie auf unsere langj\u00e4hrige Kompetenz und Leistung: was k\u00f6nnen wir f\u00fcr Sie tun?<\/span><\/p>\n<div class=\"row row-small align-middle\" style=\"max-width:90vh\" id=\"row-802565145\">\n\n\n\t<div id=\"col-231887717\" class=\"col medium-4 small-5 large-4\"  >\n\t\t<div class=\"col-inner\"  >\n\t\t\t\n\t\t\t\n\n<div class=\"social-icons follow-icons\" style=\"font-size:126%\"><a href=\"https:\/\/www.facebook.com\/elektromunz\/\" target=\"_blank\" data-label=\"Facebook\"  rel=\"noopener noreferrer nofollow\" class=\"icon plain facebook tooltip\" title=\"Folge uns auf Facebook\"><i class=\"icon-facebook\" ><\/i><\/a><a href=\"https:\/\/www.instagram.com\/elektro__munz\/\" target=\"_blank\" rel=\"noopener noreferrer nofollow\" data-label=\"Instagram\" class=\"icon plain  instagram tooltip\" title=\"Folge uns auf Instagram\"><i class=\"icon-instagram\" ><\/i><\/a><a href=\"mailto:kontakt@elektro-munz.de\" data-label=\"E-mail\"  rel=\"nofollow\" class=\"icon plain  email tooltip\" title=\"Sende uns eine email\"><i class=\"icon-envelop\" ><\/i><\/a><a href=\"tel:07936 202\" target=\"_blank\"  data-label=\"Phone\"  rel=\"noopener noreferrer nofollow\" class=\"icon plain  phone tooltip\" title=\"Call us\"><i class=\"icon-phone\" ><\/i><\/a><\/div>\n\n\n\t\t<\/div>\n\t\t\t<\/div>\n\n\t\n\n\t<div id=\"col-1007269730\" class=\"col medium-4 small-3 large-4\"  >\n\t\t<div class=\"col-inner\"  >\n\t\t\t\n\t\t\t\n\n\n\t\t<\/div>\n\t\t\t<\/div>\n\n\t\n\n\t<div id=\"col-1678207450\" class=\"col medium-4 small-4 large-4\"  >\n\t\t<div class=\"col-inner\"  >\n\t\t\t\n\t\t\t\n\n\t<div class=\"img has-hover x md-x lg-x y md-y lg-y\" id=\"image_1993327274\">\n\t\t<a class=\"\" href=\"https:\/\/www.provenexpert.com\/de-de\/elektro-munz\/\"  >\t\t\t\t\t\t<div class=\"img-inner image-cover dark\" style=\"padding-top:5.5vh;\">\n\t\t\t<img width=\"1000\" height=\"1000\" src=\"http:\/\/elektro-munz.de\/wp-content\/uploads\/2020\/03\/footer2N.png\" class=\"attachment-large size-large\" alt=\"\" loading=\"lazy\" srcset=\"http:\/\/elektro-munz.de\/wp-content\/uploads\/2020\/03\/footer2N.png 1000w, http:\/\/elektro-munz.de\/wp-content\/uploads\/2020\/03\/footer2N-300x300.png 300w, http:\/\/elektro-munz.de\/wp-content\/uploads\/2020\/03\/footer2N-150x150.png 150w, http:\/\/elektro-munz.de\/wp-content\/uploads\/2020\/03\/footer2N-768x768.png 768w\" sizes=\"(max-width: 1000px) 100vw, 1000px\" \/>\t\t\t\t\t\t\n\t\t\t\t\t<\/div>\n\t\t\t\t\t\t<\/a>\t\t\n<style>\n#image_1993327274 {\n  width: 100%;\n}\n@media (min-width:550px) {\n  #image_1993327274 {\n    width: 90%;\n  }\n}\n<\/style>\n\t<\/div>\n\t\n\n\n\t\t<\/div>\n\t\t\t<\/div>\n\n\t\n\n<\/div>\n\n\t\t<\/div>\n\t\t\t<\/div>\n\n\t\n\n<\/div>\n\n              <\/div>\n           <\/div>\n                            \n<style>\n#text-box-896047738 {\n  width: 98%;\n}\n#text-box-896047738 .text {\n  font-size: 100%;\n}\n<\/style>\n    <\/div>\n \n\n        <\/div>\n      <\/div>\n\n            \n<style>\n#banner-1775213275 {\n  padding-top: 46vh;\n  background-color: rgb(161, 21, 16);\n}\n@media (min-width:550px) {\n  #banner-1775213275 {\n    padding-top: 30vh;\n  }\n}\n@media (min-width:850px) {\n  #banner-1775213275 {\n    padding-top: 30vh;\n  }\n}\n<\/style>\n  <\/div>\n\n\n\n\t\t<\/div>\n\n\t\t\n<style>\n#section_2000359799 {\n  padding-top: 0px;\n  padding-bottom: 0px;\n  min-height: 30vh;\n  background-color: rgb(161, 21, 16);\n}\n@media (min-width:550px) {\n  #section_2000359799 {\n    padding-top: 0px;\n    padding-bottom: 0px;\n    min-height: 30vh;\n  }\n}\n@media (min-width:850px) {\n  #section_2000359799 {\n    min-height: 30vh;\n  }\n}\n<\/style>\n\t<\/section>\n\t\n\n","protected":false},"excerpt":{"rendered":"","protected":false},"author":1,"featured_media":0,"parent":0,"menu_order":0,"comment_status":"closed","ping_status":"closed","template":"","meta":[],"_links":{"self":[{"href":"http:\/\/elektro-munz.de\/index.php?rest_route=\/wp\/v2\/pages\/38"}],"collection":[{"href":"http:\/\/elektro-munz.de\/index.php?rest_route=\/wp\/v2\/pages"}],"about":[{"href":"http:\/\/elektro-munz.de\/index.php?rest_route=\/wp\/v2\/types\/page"}],"author":[{"embeddable":true,"href":"http:\/\/elektro-munz.de\/index.php?rest_route=\/wp\/v2\/users\/1"}],"replies":[{"embeddable":true,"href":"http:\/\/elektro-munz.de\/index.php?rest_route=%2Fwp%2Fv2%2Fcomments&post=38"}],"version-history":[{"count":5,"href":"http:\/\/elektro-munz.de\/index.php?rest_route=\/wp\/v2\/pages\/38\/revisions"}],"predecessor-version":[{"id":486,"href":"http:\/\/elektro-munz.de\/index.php?rest_route=\/wp\/v2\/pages\/38\/revisions\/486"}],"wp:attachment":[{"href":"http:\/\/elektro-munz.de\/index.php?rest_route=%2Fwp%2Fv2%2Fmedia&parent=38"}],"curies":[{"name":"wp","href":"https:\/\/api.w.org\/{rel}","templated":true}]}}