{"id":355,"date":"2020-03-05T17:30:49","date_gmt":"2020-03-05T17:30:49","guid":{"rendered":"https:\/\/wtg-resonanz-preview.de\/?page_id=355"},"modified":"2022-08-08T11:11:26","modified_gmt":"2022-08-08T11:11:26","slug":"impressum","status":"publish","type":"page","link":"http:\/\/elektro-munz.de\/?page_id=355","title":{"rendered":"impressum"},"content":{"rendered":"\n\t<section class=\"section\" id=\"section_1499291089\">\n\t\t<div class=\"bg section-bg fill bg-fill  bg-loaded\" >\n\n\t\t\t\n\t\t\t\n\t\t\t\n\t<div class=\"is-border\"\n\t\tstyle=\"border-color:rgb(235, 235, 235);border-width:1px 0px 0px 0px;\">\n\t<\/div>\n\n\t\t<\/div>\n\n\t\t<div class=\"section-content relative\">\n\t\t\t\n\n<div class=\"row\"  id=\"row-1592761849\">\n\n\n\t<div id=\"col-724319293\" class=\"col small-12 large-12\"  >\n\t\t<div class=\"col-inner\"  >\n\t\t\t\n\t\t\t\n\n<h1><span style=\"font-size: 120%; color: #a11510;\">IMPRESSUM<\/span><\/h1>\n<p><strong>Elektro Munz GmbH<\/strong><br \/>Gesch\u00e4ftsf\u00fchrer Tobias Munz<br \/>Schlossstra\u00dfe 46<br \/>74575 Schrozberg-Bartenstein<\/p>\n<p>Tel. 07936 202<br \/>Fax 07936 756<br \/>kontakt@elektro-munz.de<br \/>USt.-Ident.-Nr.: DE282464789<br \/>HRB: Ilm HRB Nr. 742151<br \/>Gerichtsstand: Ulm<\/p>\n\n\t\t<\/div>\n\t\t\t<\/div>\n\n\t\n\n<\/div>\n\n\t\t<\/div>\n\n\t\t\n<style>\n#section_1499291089 {\n  padding-top: 60px;\n  padding-bottom: 60px;\n  min-height: 300px;\n  background-color: rgb(245, 245, 245);\n}\n<\/style>\n\t<\/section>\n\t\n\t<section class=\"section\" id=\"section_799836958\">\n\t\t<div class=\"bg section-bg fill bg-fill  bg-loaded\" >\n\n\t\t\t\n\t\t\t\n\t\t\t\n\n\t\t<\/div>\n\n\t\t<div class=\"section-content relative\">\n\t\t\t\n\n\n  <div class=\"banner has-hover\" id=\"banner-1310282636\">\n          <div class=\"banner-inner fill\">\n        <div class=\"banner-bg fill\" >\n            <div class=\"bg fill bg-fill \"><\/div>\n                                    \n                    <\/div>\n        <div class=\"banner-layers container\">\n            <div class=\"fill banner-link\"><\/div>            \n\n   <div id=\"text-box-1061558305\" class=\"text-box banner-layer x50 md-x50 lg-x50 y50 md-y50 lg-y50 res-text\">\n                                <div class=\"text dark\">\n              \n              <div class=\"text-inner text-left\">\n                  \n\n\t<div id=\"gap-1817234236\" class=\"gap-element clearfix hide-for-small\" style=\"display:block; height:auto;\">\n\t\t\n<style>\n#gap-1817234236 {\n  padding-top: 40px;\n}\n<\/style>\n\t<\/div>\n\t\n\n<div class=\"row row-small row-full-width align-equal align-center\"  id=\"row-1202974403\">\n\n\n\t<div id=\"col-1391952077\" class=\"col medium-3 small-11 large-3\"  >\n\t\t<div class=\"col-inner text-left\"  >\n\t\t\t\n\t\t\t\n\n\t<div class=\"img has-hover x md-x lg-x y md-y lg-y\" id=\"image_11450484\">\n\t\t\t\t\t\t<div data-animate=\"flipInY\">\t\t<div class=\"img-inner dark\" >\n\t\t\t<img width=\"1020\" height=\"1020\" src=\"http:\/\/elektro-munz.de\/wp-content\/uploads\/2020\/02\/icon8-1024x1024.png\" class=\"attachment-large size-large\" alt=\"\" loading=\"lazy\" srcset=\"http:\/\/elektro-munz.de\/wp-content\/uploads\/2020\/02\/icon8-1024x1024.png 1024w, http:\/\/elektro-munz.de\/wp-content\/uploads\/2020\/02\/icon8-300x300.png 300w, http:\/\/elektro-munz.de\/wp-content\/uploads\/2020\/02\/icon8-150x150.png 150w, http:\/\/elektro-munz.de\/wp-content\/uploads\/2020\/02\/icon8-768x768.png 768w, http:\/\/elektro-munz.de\/wp-content\/uploads\/2020\/02\/icon8-1536x1536.png 1536w, http:\/\/elektro-munz.de\/wp-content\/uploads\/2020\/02\/icon8-2048x2048.png 2048w\" sizes=\"(max-width: 1020px) 100vw, 1020px\" \/>\t\t\t\t\t\t\n\t\t\t\t\t<\/div>\n\t\t<\/div>\t\t\t\t\t\t\n<style>\n#image_11450484 {\n  width: 25%;\n}\n@media (min-width:550px) {\n  #image_11450484 {\n    width: 40%;\n  }\n}\n<\/style>\n\t<\/div>\n\t\n\n\n\t\t<\/div>\n\t\t\t<\/div>\n\n\t\n\n\t<div id=\"col-277623709\" class=\"col medium-8 small-11 large-8\"  >\n\t\t<div class=\"col-inner\"  >\n\t\t\t\n\t\t\t\n\n<p><span style=\"font-size: 110%;\">KOMPETENZ UND ERFAHRUNG \u2013<\/span><span style=\"font-size: 110%;\"><strong><br \/>\nSEIT GENERATIONEN.<\/span><\/p>\n<p><\/strong><\/p>\n<p><span style=\"font-size: 100%;\">Seit 1963 bieten wir Ihnen kompetenten Service rund um die Elektroinstallation. Vertrauen Sie auf unsere langj\u00e4hrige Kompetenz und Leistung: was k\u00f6nnen wir f\u00fcr Sie tun?<\/span><\/p>\n<div class=\"row row-small align-middle\" style=\"max-width:90vh\" id=\"row-553702577\">\n\n\n\t<div id=\"col-1308199282\" class=\"col medium-4 small-5 large-4\"  >\n\t\t<div class=\"col-inner\"  >\n\t\t\t\n\t\t\t\n\n<div class=\"social-icons follow-icons\" style=\"font-size:126%\"><a href=\"https:\/\/www.facebook.com\/elektromunz\/\" target=\"_blank\" data-label=\"Facebook\"  rel=\"noopener noreferrer nofollow\" class=\"icon plain facebook tooltip\" title=\"Folge uns auf Facebook\"><i class=\"icon-facebook\" ><\/i><\/a><a href=\"https:\/\/www.instagram.com\/elektro__munz\/\" target=\"_blank\" rel=\"noopener noreferrer nofollow\" data-label=\"Instagram\" class=\"icon plain  instagram tooltip\" title=\"Folge uns auf Instagram\"><i class=\"icon-instagram\" ><\/i><\/a><a href=\"mailto:kontakt@elektro-munz.de\" data-label=\"E-mail\"  rel=\"nofollow\" class=\"icon plain  email tooltip\" title=\"Sende uns eine email\"><i class=\"icon-envelop\" ><\/i><\/a><a href=\"tel:07936 202\" target=\"_blank\"  data-label=\"Phone\"  rel=\"noopener noreferrer nofollow\" class=\"icon plain  phone tooltip\" title=\"Call us\"><i class=\"icon-phone\" ><\/i><\/a><\/div>\n\n\n\t\t<\/div>\n\t\t\t<\/div>\n\n\t\n\n\t<div id=\"col-999374986\" class=\"col medium-4 small-3 large-4\"  >\n\t\t<div class=\"col-inner\"  >\n\t\t\t\n\t\t\t\n\n\n\t\t<\/div>\n\t\t\t<\/div>\n\n\t\n\n\t<div id=\"col-1727069832\" class=\"col medium-4 small-4 large-4\"  >\n\t\t<div class=\"col-inner\"  >\n\t\t\t\n\t\t\t\n\n\t<div class=\"img has-hover x md-x lg-x y md-y lg-y\" id=\"image_1349189345\">\n\t\t<a class=\"\" href=\"https:\/\/www.provenexpert.com\/de-de\/elektro-munz\/\"  >\t\t\t\t\t\t<div class=\"img-inner image-cover dark\" style=\"padding-top:5.5vh;\">\n\t\t\t<img width=\"1000\" height=\"1000\" src=\"http:\/\/elektro-munz.de\/wp-content\/uploads\/2020\/03\/footer2N.png\" class=\"attachment-large size-large\" alt=\"\" loading=\"lazy\" srcset=\"http:\/\/elektro-munz.de\/wp-content\/uploads\/2020\/03\/footer2N.png 1000w, http:\/\/elektro-munz.de\/wp-content\/uploads\/2020\/03\/footer2N-300x300.png 300w, http:\/\/elektro-munz.de\/wp-content\/uploads\/2020\/03\/footer2N-150x150.png 150w, http:\/\/elektro-munz.de\/wp-content\/uploads\/2020\/03\/footer2N-768x768.png 768w\" sizes=\"(max-width: 1000px) 100vw, 1000px\" \/>\t\t\t\t\t\t\n\t\t\t\t\t<\/div>\n\t\t\t\t\t\t<\/a>\t\t\n<style>\n#image_1349189345 {\n  width: 100%;\n}\n@media (min-width:550px) {\n  #image_1349189345 {\n    width: 90%;\n  }\n}\n<\/style>\n\t<\/div>\n\t\n\n\n\t\t<\/div>\n\t\t\t<\/div>\n\n\t\n\n<\/div>\n\n\t\t<\/div>\n\t\t\t<\/div>\n\n\t\n\n<\/div>\n\n              <\/div>\n           <\/div>\n                            \n<style>\n#text-box-1061558305 {\n  width: 98%;\n}\n#text-box-1061558305 .text {\n  font-size: 100%;\n}\n<\/style>\n    <\/div>\n \n\n        <\/div>\n      <\/div>\n\n            \n<style>\n#banner-1310282636 {\n  padding-top: 46vh;\n  background-color: rgb(161, 21, 16);\n}\n@media (min-width:550px) {\n  #banner-1310282636 {\n    padding-top: 30vh;\n  }\n}\n@media (min-width:850px) {\n  #banner-1310282636 {\n    padding-top: 30vh;\n  }\n}\n<\/style>\n  <\/div>\n\n\n\n\t\t<\/div>\n\n\t\t\n<style>\n#section_799836958 {\n  padding-top: 0px;\n  padding-bottom: 0px;\n  min-height: 30vh;\n  background-color: rgb(161, 21, 16);\n}\n@media (min-width:550px) {\n  #section_799836958 {\n    padding-top: 0px;\n    padding-bottom: 0px;\n    min-height: 30vh;\n  }\n}\n@media (min-width:850px) {\n  #section_799836958 {\n    min-height: 30vh;\n  }\n}\n<\/style>\n\t<\/section>\n\t\n\n","protected":false},"excerpt":{"rendered":"","protected":false},"author":1,"featured_media":0,"parent":0,"menu_order":0,"comment_status":"closed","ping_status":"closed","template":"","meta":[],"_links":{"self":[{"href":"http:\/\/elektro-munz.de\/index.php?rest_route=\/wp\/v2\/pages\/355"}],"collection":[{"href":"http:\/\/elektro-munz.de\/index.php?rest_route=\/wp\/v2\/pages"}],"about":[{"href":"http:\/\/elektro-munz.de\/index.php?rest_route=\/wp\/v2\/types\/page"}],"author":[{"embeddable":true,"href":"http:\/\/elektro-munz.de\/index.php?rest_route=\/wp\/v2\/users\/1"}],"replies":[{"embeddable":true,"href":"http:\/\/elektro-munz.de\/index.php?rest_route=%2Fwp%2Fv2%2Fcomments&post=355"}],"version-history":[{"count":4,"href":"http:\/\/elektro-munz.de\/index.php?rest_route=\/wp\/v2\/pages\/355\/revisions"}],"predecessor-version":[{"id":485,"href":"http:\/\/elektro-munz.de\/index.php?rest_route=\/wp\/v2\/pages\/355\/revisions\/485"}],"wp:attachment":[{"href":"http:\/\/elektro-munz.de\/index.php?rest_route=%2Fwp%2Fv2%2Fmedia&parent=355"}],"curies":[{"name":"wp","href":"https:\/\/api.w.org\/{rel}","templated":true}]}}